{"id":11,"date":"2019-04-05T14:44:25","date_gmt":"2019-04-05T14:44:25","guid":{"rendered":"https:\/\/jupiterx.artbees.net\/clothing-shop-simple\/?page_id=11"},"modified":"2025-09-06T09:34:07","modified_gmt":"2025-09-06T08:34:07","slug":"ueber-dekadis","status":"publish","type":"page","link":"https:\/\/dekadis.de\/home-neu\/ueber-dekadis\/","title":{"rendered":"\u00dcBER DEKADIS"},"content":{"rendered":"\t\t<div data-elementor-type=\"wp-post\" data-elementor-id=\"11\" class=\"elementor elementor-11\">\n\t\t\t\t\t\t<section class=\"elementor-section elementor-top-section elementor-element elementor-element-c4feb01 elementor-section-boxed elementor-section-height-default elementor-section-height-default\" data-id=\"c4feb01\" data-element_type=\"section\" data-e-type=\"section\">\n\t\t\t\t\t\t<div class=\"elementor-container elementor-column-gap-default\">\n\t\t\t\t\t<div class=\"elementor-column elementor-col-100 elementor-top-column elementor-element elementor-element-bd7a1c6\" data-id=\"bd7a1c6\" data-element_type=\"column\" data-e-type=\"column\">\n\t\t\t<div class=\"elementor-widget-wrap elementor-element-populated\">\n\t\t\t\t\t\t<div class=\"elementor-element elementor-element-a6a137b elementor-widget elementor-widget-spacer\" data-id=\"a6a137b\" data-element_type=\"widget\" data-e-type=\"widget\" data-widget_type=\"spacer.default\">\n\t\t\t\t<div class=\"elementor-widget-container\">\n\t\t\t\t\t\t\t<div class=\"elementor-spacer\">\n\t\t\t<div class=\"elementor-spacer-inner\"><\/div>\n\t\t<\/div>\n\t\t\t\t\t\t<\/div>\n\t\t\t\t<\/div>\n\t\t\t\t<div class=\"elementor-element elementor-element-713c467 elementor-widget elementor-widget-text-editor\" data-id=\"713c467\" data-element_type=\"widget\" data-e-type=\"widget\" data-widget_type=\"text-editor.default\">\n\t\t\t\t<div class=\"elementor-widget-container\">\n\t\t\t\t\t\t\t\t\tDie <b>Dekadis Gmbh \/ EGS s\u00fcd<\/b> mit Sitz in Bad Saulgau (Baden \nW\u00fcrttemberg) ist seit \u00fcber 20 Jahren ihr kompetenter Partner f\u00fcr den \nVerkauf von neuen oder gebrauchten Elektroger\u00e4ten wie Sp\u00fclmaschinen, \nWaschmaschinen, TV-Ger\u00e4ten, Trocknern, Kaffeeautomaten, Herd-Sets, \nDunstabzgugshauben, K\u00fchlschr\u00e4nken, Gefrierschr\u00e4nken, K\u00fcchenkleinger\u00e4ten \nwie Toaster, Kontaktgrill, Mixer uvm. <br>Aktuell finden Sie Gesch\u00e4fte \noder Ausstellungs-Fl\u00e4chen in Bad Saulgau, Mengen, Riedlingen, Messkirch \nund auch in Albstadt-Ebingen. Neben einer freundlichen und kompetenten \nBeratung bieten wir einen unkomplizierten Lieferservice (gerne auch \nau\u00dferhalb \u00fcblicher Gesch\u00e4ftszeiten), einen Anschluss \/ Aufbau-Service, \nkostenloser Altger\u00e4temitnahme und auch einen Reparaturservice. Wir sind \nder Meinung dass man nicht gleich alles entsorgen muss, sondern erst \neinmal bei jedem Ger\u00e4t pr\u00fcft ob eine fachgerechte Reparatur m\u00f6glich ist \u2013\n Ihr Geldbeutel und die Natur werden es Ihnen danken.<br>Besuchen Sie uns in einer unserer Filialen in der Region oder direkt in der Zentrale in Bad Saulgau \u2013 wir freuen uns auf Sie.\t\t\t\t\t\t\t\t<\/div>\n\t\t\t\t<\/div>\n\t\t\t\t<div class=\"elementor-element elementor-element-8120ae3 elementor-widget elementor-widget-spacer\" data-id=\"8120ae3\" data-element_type=\"widget\" data-e-type=\"widget\" data-widget_type=\"spacer.default\">\n\t\t\t\t<div class=\"elementor-widget-container\">\n\t\t\t\t\t\t\t<div class=\"elementor-spacer\">\n\t\t\t<div class=\"elementor-spacer-inner\"><\/div>\n\t\t<\/div>\n\t\t\t\t\t\t<\/div>\n\t\t\t\t<\/div>\n\t\t\t\t<div class=\"elementor-element elementor-element-4a92ae4 elementor-widget elementor-widget-text-editor\" data-id=\"4a92ae4\" data-element_type=\"widget\" data-e-type=\"widget\" data-widget_type=\"text-editor.default\">\n\t\t\t\t<div class=\"elementor-widget-container\">\n\t\t\t\t\t\t\t\t\t<p>Die DEKADIS GMBH \/ EGS s\u00fcd bietet neben ihren 5 Ladengesch\u00e4ften noch folgende ONLINE-PORTALE an:<\/p>\t\t\t\t\t\t\t\t<\/div>\n\t\t\t\t<\/div>\n\t\t\t\t\t<\/div>\n\t\t<\/div>\n\t\t\t\t\t<\/div>\n\t\t<\/section>\n\t\t\t\t<section class=\"elementor-section elementor-top-section elementor-element elementor-element-efe30db elementor-section-boxed elementor-section-height-default elementor-section-height-default\" data-id=\"efe30db\" data-element_type=\"section\" data-e-type=\"section\">\n\t\t\t\t\t\t<div class=\"elementor-container elementor-column-gap-default\">\n\t\t\t\t\t<div class=\"elementor-column elementor-col-100 elementor-top-column elementor-element elementor-element-cac81e3\" data-id=\"cac81e3\" data-element_type=\"column\" data-e-type=\"column\">\n\t\t\t<div class=\"elementor-widget-wrap elementor-element-populated\">\n\t\t\t\t\t\t<section class=\"elementor-section elementor-inner-section elementor-element elementor-element-c1b2e6c elementor-section-boxed elementor-section-height-default elementor-section-height-default\" data-id=\"c1b2e6c\" data-element_type=\"section\" data-e-type=\"section\">\n\t\t\t\t\t\t<div class=\"elementor-container elementor-column-gap-default\">\n\t\t\t\t\t<div class=\"elementor-column elementor-col-50 elementor-inner-column elementor-element elementor-element-359eafb7\" data-id=\"359eafb7\" data-element_type=\"column\" data-e-type=\"column\">\n\t\t\t<div class=\"elementor-widget-wrap elementor-element-populated\">\n\t\t\t\t\t\t<div class=\"elementor-element elementor-element-54c0de4c elementor-widget elementor-widget-image\" data-id=\"54c0de4c\" data-element_type=\"widget\" data-e-type=\"widget\" data-widget_type=\"image.default\">\n\t\t\t\t<div class=\"elementor-widget-container\">\n\t\t\t\t\t\t\t\t\t\t\t\t\t\t\t<img fetchpriority=\"high\" decoding=\"async\" width=\"700\" height=\"236\" src=\"https:\/\/dekadis.de\/wp-content\/uploads\/2021\/07\/ersatzteil-shop-1.jpg\" class=\"attachment-full size-full wp-image-6930\" alt=\"\" srcset=\"https:\/\/dekadis.de\/wp-content\/uploads\/2021\/07\/ersatzteil-shop-1.jpg 700w, https:\/\/dekadis.de\/wp-content\/uploads\/2021\/07\/ersatzteil-shop-1-300x101.jpg 300w, https:\/\/dekadis.de\/wp-content\/uploads\/2021\/07\/ersatzteil-shop-1-600x202.jpg 600w\" sizes=\"(max-width: 700px) 100vw, 700px\" \/>\t\t\t\t\t\t\t\t\t\t\t\t\t\t\t<\/div>\n\t\t\t\t<\/div>\n\t\t\t\t<div class=\"elementor-element elementor-element-18d48f28 elementor-widget elementor-widget-heading\" data-id=\"18d48f28\" data-element_type=\"widget\" data-e-type=\"widget\" data-widget_type=\"heading.default\">\n\t\t\t\t<div class=\"elementor-widget-container\">\n\t\t\t\t\t<h2 class=\"elementor-heading-title elementor-size-default\">HIER GEHTS DIREKT ZUM ERSATZTEILSHOP<\/h2>\t\t\t\t<\/div>\n\t\t\t\t<\/div>\n\t\t\t\t\t<\/div>\n\t\t<\/div>\n\t\t\t\t<div class=\"elementor-column elementor-col-50 elementor-inner-column elementor-element elementor-element-756690b2\" data-id=\"756690b2\" data-element_type=\"column\" data-e-type=\"column\">\n\t\t\t<div class=\"elementor-widget-wrap elementor-element-populated\">\n\t\t\t\t\t\t<div class=\"elementor-element elementor-element-66fd7694 elementor-widget elementor-widget-image\" data-id=\"66fd7694\" data-element_type=\"widget\" data-e-type=\"widget\" data-widget_type=\"image.default\">\n\t\t\t\t<div class=\"elementor-widget-container\">\n\t\t\t\t\t\t\t\t\t\t\t\t\t\t\t<img decoding=\"async\" width=\"700\" height=\"237\" src=\"https:\/\/dekadis.de\/wp-content\/uploads\/2021\/07\/myprofi-pickupstore-1.jpg\" class=\"attachment-full size-full wp-image-6931\" alt=\"\" srcset=\"https:\/\/dekadis.de\/wp-content\/uploads\/2021\/07\/myprofi-pickupstore-1.jpg 700w, https:\/\/dekadis.de\/wp-content\/uploads\/2021\/07\/myprofi-pickupstore-1-300x102.jpg 300w, https:\/\/dekadis.de\/wp-content\/uploads\/2021\/07\/myprofi-pickupstore-1-600x203.jpg 600w\" sizes=\"(max-width: 700px) 100vw, 700px\" \/>\t\t\t\t\t\t\t\t\t\t\t\t\t\t\t<\/div>\n\t\t\t\t<\/div>\n\t\t\t\t<div class=\"elementor-element elementor-element-3ba044ec elementor-widget elementor-widget-heading\" data-id=\"3ba044ec\" data-element_type=\"widget\" data-e-type=\"widget\" data-widget_type=\"heading.default\">\n\t\t\t\t<div class=\"elementor-widget-container\">\n\t\t\t\t\t<h2 class=\"elementor-heading-title elementor-size-default\">HIER GEHTS DIREKT ZU UNSERER B2B BESTELLPLATTFORM<\/h2>\t\t\t\t<\/div>\n\t\t\t\t<\/div>\n\t\t\t\t\t<\/div>\n\t\t<\/div>\n\t\t\t\t\t<\/div>\n\t\t<\/section>\n\t\t\t\t\t<\/div>\n\t\t<\/div>\n\t\t\t\t\t<\/div>\n\t\t<\/section>\n\t\t\t\t<section class=\"elementor-section elementor-top-section elementor-element elementor-element-5c1ec1d elementor-section-boxed elementor-section-height-default elementor-section-height-default\" data-id=\"5c1ec1d\" data-element_type=\"section\" data-e-type=\"section\">\n\t\t\t\t\t\t<div class=\"elementor-container elementor-column-gap-default\">\n\t\t\t\t\t<div class=\"elementor-column elementor-col-100 elementor-top-column elementor-element elementor-element-31462f8\" data-id=\"31462f8\" data-element_type=\"column\" data-e-type=\"column\">\n\t\t\t<div class=\"elementor-widget-wrap elementor-element-populated\">\n\t\t\t\t\t\t<div class=\"elementor-element elementor-element-d1e0ff2 elementor-arrows-position-inside elementor-pagination-position-outside elementor-widget elementor-widget-image-carousel\" data-id=\"d1e0ff2\" data-element_type=\"widget\" data-e-type=\"widget\" data-settings=\"{&quot;slides_to_show&quot;:&quot;1&quot;,&quot;navigation&quot;:&quot;both&quot;,&quot;autoplay&quot;:&quot;yes&quot;,&quot;pause_on_hover&quot;:&quot;yes&quot;,&quot;pause_on_interaction&quot;:&quot;yes&quot;,&quot;autoplay_speed&quot;:5000,&quot;infinite&quot;:&quot;yes&quot;,&quot;effect&quot;:&quot;slide&quot;,&quot;speed&quot;:500}\" data-widget_type=\"image-carousel.default\">\n\t\t\t\t<div class=\"elementor-widget-container\">\n\t\t\t\t\t\t\t<div class=\"elementor-image-carousel-wrapper swiper\" role=\"region\" aria-roledescription=\"carousel\" aria-label=\"Bild Karussell\" dir=\"ltr\">\n\t\t\t<div class=\"elementor-image-carousel swiper-wrapper swiper-image-stretch\" aria-live=\"off\">\n\t\t\t\t\t\t\t\t<div class=\"swiper-slide\" role=\"group\" aria-roledescription=\"slide\" aria-label=\"1 von 23\"><figure class=\"swiper-slide-inner\"><img decoding=\"async\" class=\"swiper-slide-image\" src=\"https:\/\/dekadis.de\/wp-content\/uploads\/2020\/09\/IMG-20200916-WA0002-1024x576.jpg\" alt=\"IMG-20200916-WA0002\" \/><\/figure><\/div><div class=\"swiper-slide\" role=\"group\" aria-roledescription=\"slide\" aria-label=\"2 von 23\"><figure class=\"swiper-slide-inner\"><img decoding=\"async\" class=\"swiper-slide-image\" src=\"https:\/\/dekadis.de\/wp-content\/uploads\/2020\/09\/IMG-20200815-WA0009-1024x768.jpg\" alt=\"IMG-20200815-WA0009\" \/><\/figure><\/div><div class=\"swiper-slide\" role=\"group\" aria-roledescription=\"slide\" aria-label=\"3 von 23\"><figure class=\"swiper-slide-inner\"><img decoding=\"async\" class=\"swiper-slide-image\" src=\"https:\/\/dekadis.de\/wp-content\/uploads\/2020\/09\/IMG-20200815-WA0008-1024x768.jpg\" alt=\"IMG-20200815-WA0008\" \/><\/figure><\/div><div class=\"swiper-slide\" role=\"group\" aria-roledescription=\"slide\" aria-label=\"4 von 23\"><figure class=\"swiper-slide-inner\"><img decoding=\"async\" class=\"swiper-slide-image\" src=\"https:\/\/dekadis.de\/wp-content\/uploads\/2020\/09\/IMG-20200922-WA0006-1024x768.jpg\" alt=\"IMG-20200922-WA0006\" \/><\/figure><\/div><div class=\"swiper-slide\" role=\"group\" aria-roledescription=\"slide\" aria-label=\"5 von 23\"><figure class=\"swiper-slide-inner\"><img decoding=\"async\" class=\"swiper-slide-image\" src=\"https:\/\/dekadis.de\/wp-content\/uploads\/2020\/09\/IMG-20200922-WA0005-768x1024.jpg\" alt=\"IMG-20200922-WA0005\" \/><\/figure><\/div><div class=\"swiper-slide\" role=\"group\" aria-roledescription=\"slide\" aria-label=\"6 von 23\"><figure class=\"swiper-slide-inner\"><img decoding=\"async\" class=\"swiper-slide-image\" src=\"https:\/\/dekadis.de\/wp-content\/uploads\/2020\/09\/IMG-20200818-WA0026-1024x768.jpg\" alt=\"IMG-20200818-WA0026\" \/><\/figure><\/div><div class=\"swiper-slide\" role=\"group\" aria-roledescription=\"slide\" aria-label=\"7 von 23\"><figure class=\"swiper-slide-inner\"><img decoding=\"async\" class=\"swiper-slide-image\" src=\"https:\/\/dekadis.de\/wp-content\/uploads\/2020\/09\/IMG-20200818-WA0025-1024x768.jpg\" alt=\"IMG-20200818-WA0025\" \/><\/figure><\/div><div class=\"swiper-slide\" role=\"group\" aria-roledescription=\"slide\" aria-label=\"8 von 23\"><figure class=\"swiper-slide-inner\"><img decoding=\"async\" class=\"swiper-slide-image\" src=\"https:\/\/dekadis.de\/wp-content\/uploads\/2020\/09\/IMG-20200818-WA0024-1024x768.jpg\" alt=\"IMG-20200818-WA0024\" \/><\/figure><\/div><div class=\"swiper-slide\" role=\"group\" aria-roledescription=\"slide\" aria-label=\"9 von 23\"><figure class=\"swiper-slide-inner\"><img decoding=\"async\" class=\"swiper-slide-image\" src=\"https:\/\/dekadis.de\/wp-content\/uploads\/2020\/09\/IMG-20200818-WA0023-1024x768.jpg\" alt=\"IMG-20200818-WA0023\" \/><\/figure><\/div><div class=\"swiper-slide\" role=\"group\" aria-roledescription=\"slide\" aria-label=\"10 von 23\"><figure class=\"swiper-slide-inner\"><img decoding=\"async\" class=\"swiper-slide-image\" src=\"https:\/\/dekadis.de\/wp-content\/uploads\/2020\/09\/IMG-20200818-WA0022-1024x768.jpg\" alt=\"IMG-20200818-WA0022\" \/><\/figure><\/div><div class=\"swiper-slide\" role=\"group\" aria-roledescription=\"slide\" aria-label=\"11 von 23\"><figure class=\"swiper-slide-inner\"><img decoding=\"async\" class=\"swiper-slide-image\" src=\"https:\/\/dekadis.de\/wp-content\/uploads\/2020\/09\/IMG-20200818-WA0018-1024x768.jpg\" alt=\"IMG-20200818-WA0018\" \/><\/figure><\/div><div class=\"swiper-slide\" role=\"group\" aria-roledescription=\"slide\" aria-label=\"12 von 23\"><figure class=\"swiper-slide-inner\"><img decoding=\"async\" class=\"swiper-slide-image\" src=\"https:\/\/dekadis.de\/wp-content\/uploads\/2020\/09\/IMG-20200818-WA0017-1024x768.jpg\" alt=\"IMG-20200818-WA0017\" \/><\/figure><\/div><div class=\"swiper-slide\" role=\"group\" aria-roledescription=\"slide\" aria-label=\"13 von 23\"><figure class=\"swiper-slide-inner\"><img decoding=\"async\" class=\"swiper-slide-image\" src=\"https:\/\/dekadis.de\/wp-content\/uploads\/2020\/09\/IMG-20200818-WA0015-1024x768.jpg\" alt=\"IMG-20200818-WA0015\" \/><\/figure><\/div><div class=\"swiper-slide\" role=\"group\" aria-roledescription=\"slide\" aria-label=\"14 von 23\"><figure class=\"swiper-slide-inner\"><img decoding=\"async\" class=\"swiper-slide-image\" src=\"https:\/\/dekadis.de\/wp-content\/uploads\/2020\/09\/IMG-20200818-WA0014-1024x768.jpg\" alt=\"IMG-20200818-WA0014\" \/><\/figure><\/div><div class=\"swiper-slide\" role=\"group\" aria-roledescription=\"slide\" aria-label=\"15 von 23\"><figure class=\"swiper-slide-inner\"><img decoding=\"async\" class=\"swiper-slide-image\" src=\"https:\/\/dekadis.de\/wp-content\/uploads\/2020\/09\/IMG-20200818-WA0013-1024x768.jpg\" alt=\"IMG-20200818-WA0013\" \/><\/figure><\/div><div class=\"swiper-slide\" role=\"group\" aria-roledescription=\"slide\" aria-label=\"16 von 23\"><figure class=\"swiper-slide-inner\"><img decoding=\"async\" class=\"swiper-slide-image\" src=\"https:\/\/dekadis.de\/wp-content\/uploads\/2020\/09\/IMG-20200919-WA0008-1024x576.jpg\" alt=\"IMG-20200919-WA0008\" \/><\/figure><\/div><div class=\"swiper-slide\" role=\"group\" aria-roledescription=\"slide\" aria-label=\"17 von 23\"><figure class=\"swiper-slide-inner\"><img decoding=\"async\" class=\"swiper-slide-image\" src=\"https:\/\/dekadis.de\/wp-content\/uploads\/2020\/09\/IMG-20200919-WA0007-1024x576.jpg\" alt=\"IMG-20200919-WA0007\" \/><\/figure><\/div><div class=\"swiper-slide\" role=\"group\" aria-roledescription=\"slide\" aria-label=\"18 von 23\"><figure class=\"swiper-slide-inner\"><img decoding=\"async\" class=\"swiper-slide-image\" src=\"https:\/\/dekadis.de\/wp-content\/uploads\/2020\/09\/IMG-20200919-WA0006-1024x576.jpg\" alt=\"IMG-20200919-WA0006\" \/><\/figure><\/div><div class=\"swiper-slide\" role=\"group\" aria-roledescription=\"slide\" aria-label=\"19 von 23\"><figure class=\"swiper-slide-inner\"><img decoding=\"async\" class=\"swiper-slide-image\" src=\"https:\/\/dekadis.de\/wp-content\/uploads\/2020\/09\/IMG-20200919-WA0005-1024x576.jpg\" alt=\"IMG-20200919-WA0005\" \/><\/figure><\/div><div class=\"swiper-slide\" role=\"group\" aria-roledescription=\"slide\" aria-label=\"20 von 23\"><figure class=\"swiper-slide-inner\"><img decoding=\"async\" class=\"swiper-slide-image\" src=\"https:\/\/dekadis.de\/wp-content\/uploads\/2020\/09\/IMG-20200919-WA0003-1024x576.jpg\" alt=\"IMG-20200919-WA0003\" \/><\/figure><\/div><div class=\"swiper-slide\" role=\"group\" aria-roledescription=\"slide\" aria-label=\"21 von 23\"><figure class=\"swiper-slide-inner\"><img decoding=\"async\" class=\"swiper-slide-image\" src=\"https:\/\/dekadis.de\/wp-content\/uploads\/2020\/09\/IMG-20200919-WA0002-1024x768.jpg\" alt=\"IMG-20200919-WA0002\" \/><\/figure><\/div><div class=\"swiper-slide\" role=\"group\" aria-roledescription=\"slide\" aria-label=\"22 von 23\"><figure class=\"swiper-slide-inner\"><img decoding=\"async\" class=\"swiper-slide-image\" src=\"https:\/\/dekadis.de\/wp-content\/uploads\/2020\/09\/IMG-20200919-WA0001-1024x768.jpg\" alt=\"IMG-20200919-WA0001\" \/><\/figure><\/div><div class=\"swiper-slide\" role=\"group\" aria-roledescription=\"slide\" aria-label=\"23 von 23\"><figure class=\"swiper-slide-inner\"><img decoding=\"async\" class=\"swiper-slide-image\" src=\"https:\/\/dekadis.de\/wp-content\/uploads\/2020\/09\/IMG-20200919-WA0000-1024x768.jpg\" alt=\"IMG-20200919-WA0000\" \/><\/figure><\/div>\t\t\t<\/div>\n\t\t\t\t\t\t\t\t\t\t\t\t<div class=\"elementor-swiper-button elementor-swiper-button-prev\" role=\"button\" tabindex=\"0\">\n\t\t\t\t\t\t<i aria-hidden=\"true\" class=\"eicon-chevron-left\"><\/i>\t\t\t\t\t<\/div>\n\t\t\t\t\t<div class=\"elementor-swiper-button elementor-swiper-button-next\" role=\"button\" tabindex=\"0\">\n\t\t\t\t\t\t<i aria-hidden=\"true\" class=\"eicon-chevron-right\"><\/i>\t\t\t\t\t<\/div>\n\t\t\t\t\n\t\t\t\t\t\t\t\t\t<div class=\"swiper-pagination\"><\/div>\n\t\t\t\t\t\t\t\t\t<\/div>\n\t\t\t\t\t\t<\/div>\n\t\t\t\t<\/div>\n\t\t\t\t\t<\/div>\n\t\t<\/div>\n\t\t\t\t\t<\/div>\n\t\t<\/section>\n\t\t\t\t<\/div>\n\t\t","protected":false},"excerpt":{"rendered":"<p>DEKADIS GMBH Die Dekadis Gmbh \/ EGS s\u00fcd mit Sitz in Bad Saulgau (Baden W\u00fcrttemberg) ist seit \u00fcber 20 Jahren ihr kompetenter Partner f\u00fcr den Verkauf von neuen oder gebrauchten Elektroger\u00e4ten wie Sp\u00fclmaschinen, Waschmaschinen, TV-Ger\u00e4ten, Trocknern, Kaffeeautomaten, Herd-Sets, Dunstabzgugshauben, K\u00fchlschr\u00e4nken, Gefrierschr\u00e4nken, K\u00fcchenkleinger\u00e4ten wie Toaster, Kontaktgrill, Mixer uvm. Aktuell finden Sie Gesch\u00e4fte oder Ausstellungs-Fl\u00e4chen in Bad [&hellip;]<\/p>\n","protected":false},"author":1,"featured_media":0,"parent":0,"menu_order":0,"comment_status":"closed","ping_status":"closed","template":"elementor_header_footer","meta":{"_acf_changed":false,"saved_in_kubio":false,"footnotes":""},"class_list":["post-11","page","type-page","status-publish","hentry"],"acf":[],"kubio_ai_page_context":{"short_desc":"","purpose":"general"},"yoast_head":"<!-- This site is optimized with the Yoast SEO plugin v27.4 - https:\/\/yoast.com\/product\/yoast-seo-wordpress\/ -->\n<title>\u00dcBER DEKADIS -<\/title>\n<meta name=\"robots\" content=\"index, follow, max-snippet:-1, max-image-preview:large, max-video-preview:-1\" \/>\n<link rel=\"canonical\" href=\"https:\/\/dekadis.de\/home-neu\/ueber-dekadis\/\" \/>\n<meta property=\"og:locale\" content=\"de_DE\" \/>\n<meta property=\"og:type\" content=\"article\" \/>\n<meta property=\"og:title\" content=\"\u00dcBER DEKADIS -\" \/>\n<meta property=\"og:description\" content=\"DEKADIS GMBH Die Dekadis Gmbh \/ EGS s\u00fcd mit Sitz in Bad Saulgau (Baden W\u00fcrttemberg) ist seit \u00fcber 20 Jahren ihr kompetenter Partner f\u00fcr den Verkauf von neuen oder gebrauchten Elektroger\u00e4ten wie Sp\u00fclmaschinen, Waschmaschinen, TV-Ger\u00e4ten, Trocknern, Kaffeeautomaten, Herd-Sets, Dunstabzgugshauben, K\u00fchlschr\u00e4nken, Gefrierschr\u00e4nken, K\u00fcchenkleinger\u00e4ten wie Toaster, Kontaktgrill, Mixer uvm. Aktuell finden Sie Gesch\u00e4fte oder Ausstellungs-Fl\u00e4chen in Bad [&hellip;]\" \/>\n<meta property=\"og:url\" content=\"https:\/\/dekadis.de\/home-neu\/ueber-dekadis\/\" \/>\n<meta property=\"article:modified_time\" content=\"2025-09-06T08:34:07+00:00\" \/>\n<meta property=\"og:image\" content=\"https:\/\/dekadis.de\/wp-content\/uploads\/2021\/07\/ersatzteil-shop-1.jpg\" \/>\n<meta name=\"twitter:card\" content=\"summary_large_image\" \/>\n<meta name=\"twitter:label1\" content=\"Gesch\u00e4tzte Lesezeit\" \/>\n\t<meta name=\"twitter:data1\" content=\"7\u00a0Minuten\" \/>\n<script type=\"application\/ld+json\" class=\"yoast-schema-graph\">{\"@context\":\"https:\\\/\\\/schema.org\",\"@graph\":[{\"@type\":\"WebPage\",\"@id\":\"https:\\\/\\\/dekadis.de\\\/home-neu\\\/ueber-dekadis\\\/\",\"url\":\"https:\\\/\\\/dekadis.de\\\/home-neu\\\/ueber-dekadis\\\/\",\"name\":\"\u00dcBER DEKADIS -\",\"isPartOf\":{\"@id\":\"https:\\\/\\\/dekadis.de\\\/home-neu\\\/#website\"},\"primaryImageOfPage\":{\"@id\":\"https:\\\/\\\/dekadis.de\\\/home-neu\\\/ueber-dekadis\\\/#primaryimage\"},\"image\":{\"@id\":\"https:\\\/\\\/dekadis.de\\\/home-neu\\\/ueber-dekadis\\\/#primaryimage\"},\"thumbnailUrl\":\"https:\\\/\\\/dekadis.de\\\/wp-content\\\/uploads\\\/2021\\\/07\\\/ersatzteil-shop-1.jpg\",\"datePublished\":\"2019-04-05T14:44:25+00:00\",\"dateModified\":\"2025-09-06T08:34:07+00:00\",\"breadcrumb\":{\"@id\":\"https:\\\/\\\/dekadis.de\\\/home-neu\\\/ueber-dekadis\\\/#breadcrumb\"},\"inLanguage\":\"de\",\"potentialAction\":[{\"@type\":\"ReadAction\",\"target\":[\"https:\\\/\\\/dekadis.de\\\/home-neu\\\/ueber-dekadis\\\/\"]}]},{\"@type\":\"ImageObject\",\"inLanguage\":\"de\",\"@id\":\"https:\\\/\\\/dekadis.de\\\/home-neu\\\/ueber-dekadis\\\/#primaryimage\",\"url\":\"https:\\\/\\\/dekadis.de\\\/wp-content\\\/uploads\\\/2021\\\/07\\\/ersatzteil-shop-1.jpg\",\"contentUrl\":\"https:\\\/\\\/dekadis.de\\\/wp-content\\\/uploads\\\/2021\\\/07\\\/ersatzteil-shop-1.jpg\"},{\"@type\":\"BreadcrumbList\",\"@id\":\"https:\\\/\\\/dekadis.de\\\/home-neu\\\/ueber-dekadis\\\/#breadcrumb\",\"itemListElement\":[{\"@type\":\"ListItem\",\"position\":1,\"name\":\"Startseite\",\"item\":\"https:\\\/\\\/dekadis.de\\\/home-neu\\\/\"},{\"@type\":\"ListItem\",\"position\":2,\"name\":\"\u00dcBER DEKADIS\"}]},{\"@type\":\"WebSite\",\"@id\":\"https:\\\/\\\/dekadis.de\\\/home-neu\\\/#website\",\"url\":\"https:\\\/\\\/dekadis.de\\\/home-neu\\\/\",\"name\":\"DEKADIS GMBH\",\"description\":\"Ersatzteile, Neuger\u00e4te, Gebrauchtger\u00e4te\",\"potentialAction\":[{\"@type\":\"SearchAction\",\"target\":{\"@type\":\"EntryPoint\",\"urlTemplate\":\"https:\\\/\\\/dekadis.de\\\/home-neu\\\/?s={search_term_string}\"},\"query-input\":{\"@type\":\"PropertyValueSpecification\",\"valueRequired\":true,\"valueName\":\"search_term_string\"}}],\"inLanguage\":\"de\"}]}<\/script>\n<!-- \/ Yoast SEO plugin. -->","yoast_head_json":{"title":"\u00dcBER DEKADIS -","robots":{"index":"index","follow":"follow","max-snippet":"max-snippet:-1","max-image-preview":"max-image-preview:large","max-video-preview":"max-video-preview:-1"},"canonical":"https:\/\/dekadis.de\/home-neu\/ueber-dekadis\/","og_locale":"de_DE","og_type":"article","og_title":"\u00dcBER DEKADIS -","og_description":"DEKADIS GMBH Die Dekadis Gmbh \/ EGS s\u00fcd mit Sitz in Bad Saulgau (Baden W\u00fcrttemberg) ist seit \u00fcber 20 Jahren ihr kompetenter Partner f\u00fcr den Verkauf von neuen oder gebrauchten Elektroger\u00e4ten wie Sp\u00fclmaschinen, Waschmaschinen, TV-Ger\u00e4ten, Trocknern, Kaffeeautomaten, Herd-Sets, Dunstabzgugshauben, K\u00fchlschr\u00e4nken, Gefrierschr\u00e4nken, K\u00fcchenkleinger\u00e4ten wie Toaster, Kontaktgrill, Mixer uvm. Aktuell finden Sie Gesch\u00e4fte oder Ausstellungs-Fl\u00e4chen in Bad [&hellip;]","og_url":"https:\/\/dekadis.de\/home-neu\/ueber-dekadis\/","article_modified_time":"2025-09-06T08:34:07+00:00","og_image":[{"url":"https:\/\/dekadis.de\/wp-content\/uploads\/2021\/07\/ersatzteil-shop-1.jpg","type":"","width":"","height":""}],"twitter_card":"summary_large_image","twitter_misc":{"Gesch\u00e4tzte Lesezeit":"7\u00a0Minuten"},"schema":{"@context":"https:\/\/schema.org","@graph":[{"@type":"WebPage","@id":"https:\/\/dekadis.de\/home-neu\/ueber-dekadis\/","url":"https:\/\/dekadis.de\/home-neu\/ueber-dekadis\/","name":"\u00dcBER DEKADIS -","isPartOf":{"@id":"https:\/\/dekadis.de\/home-neu\/#website"},"primaryImageOfPage":{"@id":"https:\/\/dekadis.de\/home-neu\/ueber-dekadis\/#primaryimage"},"image":{"@id":"https:\/\/dekadis.de\/home-neu\/ueber-dekadis\/#primaryimage"},"thumbnailUrl":"https:\/\/dekadis.de\/wp-content\/uploads\/2021\/07\/ersatzteil-shop-1.jpg","datePublished":"2019-04-05T14:44:25+00:00","dateModified":"2025-09-06T08:34:07+00:00","breadcrumb":{"@id":"https:\/\/dekadis.de\/home-neu\/ueber-dekadis\/#breadcrumb"},"inLanguage":"de","potentialAction":[{"@type":"ReadAction","target":["https:\/\/dekadis.de\/home-neu\/ueber-dekadis\/"]}]},{"@type":"ImageObject","inLanguage":"de","@id":"https:\/\/dekadis.de\/home-neu\/ueber-dekadis\/#primaryimage","url":"https:\/\/dekadis.de\/wp-content\/uploads\/2021\/07\/ersatzteil-shop-1.jpg","contentUrl":"https:\/\/dekadis.de\/wp-content\/uploads\/2021\/07\/ersatzteil-shop-1.jpg"},{"@type":"BreadcrumbList","@id":"https:\/\/dekadis.de\/home-neu\/ueber-dekadis\/#breadcrumb","itemListElement":[{"@type":"ListItem","position":1,"name":"Startseite","item":"https:\/\/dekadis.de\/home-neu\/"},{"@type":"ListItem","position":2,"name":"\u00dcBER DEKADIS"}]},{"@type":"WebSite","@id":"https:\/\/dekadis.de\/home-neu\/#website","url":"https:\/\/dekadis.de\/home-neu\/","name":"DEKADIS GMBH","description":"Ersatzteile, Neuger\u00e4te, Gebrauchtger\u00e4te","potentialAction":[{"@type":"SearchAction","target":{"@type":"EntryPoint","urlTemplate":"https:\/\/dekadis.de\/home-neu\/?s={search_term_string}"},"query-input":{"@type":"PropertyValueSpecification","valueRequired":true,"valueName":"search_term_string"}}],"inLanguage":"de"}]}},"_links":{"self":[{"href":"https:\/\/dekadis.de\/home-neu\/wp-json\/wp\/v2\/pages\/11","targetHints":{"allow":["GET"]}}],"collection":[{"href":"https:\/\/dekadis.de\/home-neu\/wp-json\/wp\/v2\/pages"}],"about":[{"href":"https:\/\/dekadis.de\/home-neu\/wp-json\/wp\/v2\/types\/page"}],"author":[{"embeddable":true,"href":"https:\/\/dekadis.de\/home-neu\/wp-json\/wp\/v2\/users\/1"}],"replies":[{"embeddable":true,"href":"https:\/\/dekadis.de\/home-neu\/wp-json\/wp\/v2\/comments?post=11"}],"version-history":[{"count":37,"href":"https:\/\/dekadis.de\/home-neu\/wp-json\/wp\/v2\/pages\/11\/revisions"}],"predecessor-version":[{"id":16304,"href":"https:\/\/dekadis.de\/home-neu\/wp-json\/wp\/v2\/pages\/11\/revisions\/16304"}],"wp:attachment":[{"href":"https:\/\/dekadis.de\/home-neu\/wp-json\/wp\/v2\/media?parent=11"}],"curies":[{"name":"wp","href":"https:\/\/api.w.org\/{rel}","templated":true}]}}